{"id":28,"date":"2026-03-30T18:07:51","date_gmt":"2026-03-30T18:07:51","guid":{"rendered":"https:\/\/prueba.indavenda.com\/epsiv\/servicios\/"},"modified":"2026-03-31T20:39:21","modified_gmt":"2026-03-31T20:39:21","slug":"lared","status":"publish","type":"page","link":"https:\/\/prueba.indavenda.com\/epsiv\/lared\/","title":{"rendered":"La Red"},"content":{"rendered":"\n<div class=\"wp-block-group alignfull is-style-ext-preset--group--natural-1--section ext-animate--on has-background-background-color has-background has-global-padding is-layout-constrained wp-container-core-group-is-layout-e955bbaf wp-block-group-is-layout-constrained\" style=\"margin-top:0;margin-bottom:0;padding-top:var(--wp--preset--spacing--70);padding-bottom:var(--wp--preset--spacing--70)\">\n<h2 class=\"wp-block-heading has-text-align-center ext-animate--on has-secondary-color has-text-color has-link-color wp-elements-63a01db492049d742fad1eb963640bc9\"><strong>Red EPSI.V Am\u00e9ricas<\/strong>&nbsp;<\/h2>\n\n\n\n<p class=\"has-text-align-center ext-animate--on\" style=\"margin-top:1.5rem\">Somos una red regional que re\u00fane a organizaciones, instituciones y profesionales dedicados a promover la salud integral en poblaciones <br>en situaci\u00f3n de vulnerabilidad.\u00a0<br><br>Trabajamos desde una mirada de derechos humanos, interseccional e intersectorial, fortaleciendo el aprendizaje com\u00fan y la cooperaci\u00f3n entre los pa\u00edses de la regi\u00f3n.\u00a0<\/p>\n\n\n\n<div class=\"wp-block-columns alignwide are-vertically-aligned-center ext-animate--on is-layout-flex wp-container-core-columns-is-layout-174606dc wp-block-columns-is-layout-flex\">\n<div class=\"wp-block-column is-vertically-aligned-center ext-animate--on is-layout-flow wp-block-column-is-layout-flow\">\n<h3 class=\"wp-block-heading ext-animate--on has-secondary-color has-text-color has-link-color wp-elements-4335b4ca8a12e24372633e49ff5340c5\"><strong>Misi\u00f3n<\/strong>:<\/h3>\n\n\n\n<p class=\"ext-animate--on\" style=\"margin-top:1.5rem\">Promover el intercambio, la cooperaci\u00f3n y la innovaci\u00f3n social en salud entre organizaciones e instituciones de la regi\u00f3n, fortaleciendo el trabajo con poblaciones y territorios en situaci\u00f3n de vulnerabilidad desde un enfoque de derechos humanos, interseccional e intersectorial.&nbsp;<\/p>\n<\/div>\n\n\n\n<div class=\"wp-block-column is-vertically-aligned-center ext-animate--on is-layout-flow wp-block-column-is-layout-flow\">\n<figure class=\"wp-block-image size-large is-style-ext-preset--image--natural-1--image-1--content-left ext-animate--on is-style-ext-preset--image--natural-1--image-1--content-left--2\"><img fetchpriority=\"high\" decoding=\"async\" width=\"768\" height=\"1024\" src=\"https:\/\/prueba.indavenda.com\/epsiv\/wp-content\/uploads\/2026\/03\/20211201_100144-768x1024.jpg\" alt=\"\" class=\"wp-image-156\" style=\"aspect-ratio:4\/3;object-fit:cover\" srcset=\"https:\/\/prueba.indavenda.com\/epsiv\/wp-content\/uploads\/2026\/03\/20211201_100144-768x1024.jpg 768w, https:\/\/prueba.indavenda.com\/epsiv\/wp-content\/uploads\/2026\/03\/20211201_100144-225x300.jpg 225w, https:\/\/prueba.indavenda.com\/epsiv\/wp-content\/uploads\/2026\/03\/20211201_100144-1152x1536.jpg 1152w, https:\/\/prueba.indavenda.com\/epsiv\/wp-content\/uploads\/2026\/03\/20211201_100144-1536x2048.jpg 1536w, https:\/\/prueba.indavenda.com\/epsiv\/wp-content\/uploads\/2026\/03\/20211201_100144-scaled.jpg 1920w\" sizes=\"(max-width: 768px) 100vw, 768px\" \/><\/figure>\n<\/div>\n<\/div>\n\n\n\n<div class=\"wp-block-columns alignwide are-vertically-aligned-center ext-animate--on is-layout-flex wp-container-core-columns-is-layout-ed161d23 wp-block-columns-is-layout-flex\" style=\"margin-top:var(--wp--preset--spacing--50)\">\n<div class=\"wp-block-column is-vertically-aligned-center ext-animate--on is-layout-flow wp-block-column-is-layout-flow\">\n<figure class=\"wp-block-image size-large is-style-ext-preset--image--natural-1--image-1--content-right ext-animate--on is-style-ext-preset--image--natural-1--image-1--content-right--3\"><img decoding=\"async\" width=\"1024\" height=\"482\" src=\"https:\/\/prueba.indavenda.com\/epsiv\/wp-content\/uploads\/2026\/03\/Gran-Cine-2-1024x482.jpg\" alt=\"\" class=\"wp-image-157\" style=\"aspect-ratio:4\/3;object-fit:cover\" srcset=\"https:\/\/prueba.indavenda.com\/epsiv\/wp-content\/uploads\/2026\/03\/Gran-Cine-2-1024x482.jpg 1024w, https:\/\/prueba.indavenda.com\/epsiv\/wp-content\/uploads\/2026\/03\/Gran-Cine-2-300x141.jpg 300w, https:\/\/prueba.indavenda.com\/epsiv\/wp-content\/uploads\/2026\/03\/Gran-Cine-2-768x361.jpg 768w, https:\/\/prueba.indavenda.com\/epsiv\/wp-content\/uploads\/2026\/03\/Gran-Cine-2-1536x723.jpg 1536w, https:\/\/prueba.indavenda.com\/epsiv\/wp-content\/uploads\/2026\/03\/Gran-Cine-2-2048x964.jpg 2048w\" sizes=\"(max-width: 1024px) 100vw, 1024px\" \/><figcaption class=\"wp-element-caption\">dav<\/figcaption><\/figure>\n<\/div>\n\n\n\n<div class=\"wp-block-column is-vertically-aligned-center ext-animate--on is-layout-flow wp-block-column-is-layout-flow\">\n<h3 class=\"wp-block-heading ext-animate--on has-secondary-color has-text-color has-link-color wp-elements-59cd3d6854d4a09899cdcf424e7b5bfc\"><strong>Visi\u00f3n<\/strong>:<\/h3>\n\n\n\n<p class=\"ext-animate--on\" style=\"margin-top:1.5rem\">Ser un referente regional en la producci\u00f3n y difusi\u00f3n de buenas pr\u00e1cticas en salud comunitaria y derechos humanos, que contribuya a transformar pol\u00edticas p\u00fablicas y pr\u00e1cticas en comunidades, que promuevan una vida digna y saludable para todas las personas en las Am\u00e9ricas.&nbsp;<\/p>\n<\/div>\n<\/div>\n<\/div>\n\n\n\n<div class=\"wp-block-group alignfull is-style-ext-preset--group--natural-1--section ext-animate--on has-tertiary-background-color has-background has-global-padding is-layout-constrained wp-container-core-group-is-layout-e955bbaf wp-block-group-is-layout-constrained\" style=\"margin-top:0;margin-bottom:0;padding-top:var(--wp--preset--spacing--70);padding-bottom:var(--wp--preset--spacing--70)\">\n<div class=\"wp-block-group alignwide ext-is-logical-start ext-animate--on has-global-padding is-content-justification-left is-layout-constrained wp-container-core-group-is-layout-6729bdbe wp-block-group-is-layout-constrained\">\n<h2 class=\"wp-block-heading ext-animate--on has-foreground-alt-color has-text-color has-link-color wp-elements-9d829566a5103caec66d4ca0e413dd76\">Principios y valores:<\/h2>\n<\/div>\n\n\n\n<div class=\"wp-block-columns alignwide ext-animate--on is-layout-flex wp-container-core-columns-is-layout-08c01c1c wp-block-columns-is-layout-flex\">\n<div class=\"wp-block-column is-vertically-aligned-stretch ext-animate--on is-layout-flow wp-container-core-column-is-layout-f5bb311e wp-block-column-is-layout-flow\">\n<div class=\"wp-block-group is-style-ext-preset--group--natural-1--item-card-1--align-start ext-animate--on has-global-padding is-layout-constrained wp-block-group-is-layout-constrained is-style-ext-preset--group--natural-1--item-card-1--align-start--5\">\n<div class=\"wp-block-group is-style-default ext-animate--on has-global-padding is-layout-constrained wp-block-group-is-layout-constrained\">\n<figure class=\"wp-block-image size-large ext-aspect-landscape ext-animate--on wp-duotone-primary-foreground\"><img decoding=\"async\" src=\"data:image\/svg+xml;base64,PHN2ZyB4bWxucz0iaHR0cDovL3d3dy53My5vcmcvMjAwMC9zdmciIHdpZHRoPSI0OCIgaGVpZ2h0PSI0OCIgZmlsbD0iIzAwMDAwMCIgdmlld0JveD0iMCAwIDI1NiAyNTYiPjxwYXRoIGQ9Ik0xMjgsMjRBMTA0LDEwNCwwLDEsMCwyMzIsMTI4LDEwNC4xMSwxMDQuMTEsMCwwLDAsMTI4LDI0Wm0wLDE5MmE4OCw4OCwwLDEsMSw4OC04OEE4OC4xLDg4LjEsMCwwLDEsMTI4LDIxNlpNMTQwLDgwdjk2YTgsOCwwLDAsMS0xNiwwVjk1bC0xMS41Niw3LjcxYTgsOCwwLDEsMS04Ljg4LTEzLjMybDI0LTE2QTgsOCwwLDAsMSwxNDAsODBaIj48L3BhdGg+PC9zdmc+\" alt=\"\" style=\"object-fit:cover\"\/><\/figure>\n\n\n\n<h3 class=\"wp-block-heading ext-animate--on\">Derechos Humanos<\/h3>\n<\/div>\n<\/div>\n<\/div>\n\n\n\n<div class=\"wp-block-column is-vertically-aligned-stretch ext-animate--on is-layout-flow wp-container-core-column-is-layout-f5bb311e wp-block-column-is-layout-flow\">\n<div class=\"wp-block-group is-style-ext-preset--group--natural-1--item-card-1--align-start ext-animate--on has-global-padding is-layout-constrained wp-block-group-is-layout-constrained is-style-ext-preset--group--natural-1--item-card-1--align-start--6\">\n<div class=\"wp-block-group is-style-default ext-animate--on has-global-padding is-layout-constrained wp-block-group-is-layout-constrained\">\n<figure class=\"wp-block-image size-large ext-aspect-landscape ext-animate--on wp-duotone-primary-foreground\"><img decoding=\"async\" src=\"data:image\/svg+xml;base64,PHN2ZyB4bWxucz0iaHR0cDovL3d3dy53My5vcmcvMjAwMC9zdmciIHdpZHRoPSI0OCIgaGVpZ2h0PSI0OCIgZmlsbD0iIzAwMDAwMCIgdmlld0JveD0iMCAwIDI1NiAyNTYiPjxwYXRoIGQ9Ik0xMjgsMjRBMTA0LDEwNCwwLDEsMCwyMzIsMTI4LDEwNC4xMSwxMDQuMTEsMCwwLDAsMTI4LDI0Wm0wLDE5MmE4OCw4OCwwLDEsMSw4OC04OEE4OC4xLDg4LjEsMCwwLDEsMTI4LDIxNlptMjUuNTYtOTIuNzRMMTIwLDE2OGgzMmE4LDgsMCwwLDEsMCwxNkgxMDRhOCw4LDAsMCwxLTYuNC0xMi44bDQzLjE3LTU3LjU2YTE2LDE2LDAsMSwwLTI3Ljg2LTE1LDgsOCwwLDAsMS0xNS4wOS01LjM0LDMyLDMyLDAsMSwxLDU1Ljc0LDI5LjkzWiI+PC9wYXRoPjwvc3ZnPg==\" alt=\"\" style=\"object-fit:cover\"\/><\/figure>\n\n\n\n<h3 class=\"wp-block-heading ext-animate--on\">Intersectorialidad<\/h3>\n<\/div>\n<\/div>\n<\/div>\n\n\n\n<div class=\"wp-block-column is-vertically-aligned-stretch ext-animate--on is-layout-flow wp-container-core-column-is-layout-f5bb311e wp-block-column-is-layout-flow\">\n<div class=\"wp-block-group is-style-ext-preset--group--natural-1--item-card-1--align-start ext-animate--on has-global-padding is-layout-constrained wp-block-group-is-layout-constrained is-style-ext-preset--group--natural-1--item-card-1--align-start--7\">\n<div class=\"wp-block-group is-style-default ext-animate--on has-global-padding is-layout-constrained wp-block-group-is-layout-constrained\">\n<figure class=\"wp-block-image size-large ext-aspect-landscape ext-animate--on wp-duotone-primary-foreground\"><img decoding=\"async\" src=\"data:image\/svg+xml;base64,PHN2ZyB4bWxucz0iaHR0cDovL3d3dy53My5vcmcvMjAwMC9zdmciIHdpZHRoPSI0OCIgaGVpZ2h0PSI0OCIgZmlsbD0iIzAwMDAwMCIgdmlld0JveD0iMCAwIDI1NiAyNTYiPjxwYXRoIGQ9Ik0xMjgsMjRBMTA0LDEwNCwwLDEsMCwyMzIsMTI4LDEwNC4xMSwxMDQuMTEsMCwwLDAsMTI4LDI0Wm0wLDE5MmE4OCw4OCwwLDEsMSw4OC04OEE4OC4xLDg4LjEsMCwwLDEsMTI4LDIxNlptMzItNjRhMzYsMzYsMCwwLDEtNjEuNzEsMjUuMTlBOCw4LDAsMSwxLDEwOS43MSwxNjYsMjAsMjAsMCwxLDAsMTI0LDEzMmE4LDgsMCwwLDEtNi41NS0xMi41OUwxMzYuNjMsOTJIMTA0YTgsOCwwLDAsMSwwLTE2aDQ4YTgsOCwwLDAsMSw2LjU1LDEyLjU5bC0yMSwzMEEzNi4wNywzNi4wNywwLDAsMSwxNjAsMTUyWiI+PC9wYXRoPjwvc3ZnPg==\" alt=\"\" style=\"object-fit:cover\"\/><\/figure>\n\n\n\n<h3 class=\"wp-block-heading ext-animate--on\">Cercan\u00eda con la comunidad<\/h3>\n<\/div>\n<\/div>\n<\/div>\n<\/div>\n<\/div>\n\n\n\n<div class=\"wp-block-group alignfull is-style-ext-preset--group--natural-1--section ext-animate--on has-background-background-color has-background has-global-padding is-layout-constrained wp-container-core-group-is-layout-2415dd45 wp-block-group-is-layout-constrained\" style=\"margin-top:0;margin-bottom:0;padding-top:var(--wp--preset--spacing--50);padding-bottom:var(--wp--preset--spacing--50)\">\n<h2 class=\"wp-block-heading has-text-align-center ext-animate--on has-secondary-color has-text-color has-link-color wp-elements-da10a409192144d7faad6aea525ea279\"><strong>\u00bfC\u00f3mo se form\u00f3 la red?:<\/strong>&nbsp;<\/h2>\n\n\n\n<p class=\"has-text-align-center ext-animate--on\" style=\"margin-top:1.5rem\">El contexto de emergencia en salud por la COVID-19 nos moviliz\u00f3 y reafirm\u00f3 nuestro compromiso con el intercambio de experiencias y buenas pr\u00e1cticas que contribuyan al bienestar de las comunidades.&nbsp;<\/p>\n\n\n<div class=\"alignwide ext-animate--on wp-block-tlgb-b-timeline-block\" id='BTimelineBlock-9'\n  data-attributes='{&quot;align&quot;:&quot;wide&quot;,&quot;timelines&quot;:[{&quot;icon&quot;:&quot;u003csvg xmlns=&#039;http:\\\/\\\/www.w3.org\\\/2000\\\/svg&#039; viewBox=&#039;0 0 448 512&#039;u003eu003cpath d=&#039;M64 32C28.7 32 0 60.7 0 96V416c0 35.3 28.7 64 64 64h98.2V334.2H109.4V256h52.8V222.3c0-87.1 39.4-127.5 125-127.5c16.2 0 44.2 3.2 55.7 6.4V172c-6-.6-16.5-1-29.6-1c-42 0-58.2 15.9-58.2 57.2V256h83.6l-14.4 78.2H255V480H384c35.3 0 64-28.7 64-64V96c0-35.3-28.7-64-64-64H64z&#039;\\\/u003eu003c\\\/svgu003e&quot;,&quot;date&quot;:&quot;2002&quot;,&quot;label&quot;:&quot;2020 - Pandemia causada por la COVID-19 OPS publica la gu\\u00eda &quot;,&quot;description&quot;:&quot;\\u201cOrientaciones para la aplicaci\\u00f3n de medidas de salud p\\u00fablica no farmacol\\u00f3gicas en grupos de poblaci\\u00f3n en situaci\\u00f3n de vulnerabilidad en el contexto de la COVID-19\\u201d Objetivo: mejorar la aplicaci\\u00f3n de medidas en grupos vulnerabilizados durante la pandemia.n&quot;,&quot;isAddTinyEditor&quot;:false},{&quot;icon&quot;:&quot;u003csvg xmlns=&#039;http:\\\/\\\/www.w3.org\\\/2000\\\/svg&#039; viewBox=&#039;0 0 16 16&#039; id=&#039;instagram&#039;u003eu003cpath d=&#039;M8 0C5.829 0 5.556.01 4.703.048 3.85.088 3.269.222 2.76.42a3.9 3.9 0 0 0-1.417.923A3.9 3.9 0 0 0 .42 2.76C.222 3.268.087 3.85.048 4.7.01 5.555 0 5.827 0 8.001c0 2.172.01 2.444.048 3.297.04.852.174 1.433.372 1.942.205.526.478.972.923 1.417.444.445.89.719 1.416.923.51.198 1.09.333 1.942.372C5.555 15.99 5.827 16 8 16s2.444-.01 3.298-.048c.851-.04 1.434-.174 1.943-.372a3.9 3.9 0 0 0 1.416-.923c.445-.445.718-.891.923-1.417.197-.509.332-1.09.372-1.942C15.99 10.445 16 10.173 16 8s-.01-2.445-.048-3.299c-.04-.851-.175-1.433-.372-1.941a3.9 3.9 0 0 0-.923-1.417A3.9 3.9 0 0 0 13.24.42c-.51-.198-1.092-.333-1.943-.372C10.443.01 10.172 0 7.998 0zm-.717 1.442h.718c2.136 0 2.389.007 3.232.046.78.035 1.204.166 1.486.275.373.145.64.319.92.599s.453.546.598.92c.11.281.24.705.275 1.485.039.843.047 1.096.047 3.231s-.008 2.389-.047 3.232c-.035.78-.166 1.203-.275 1.485a2.5 2.5 0 0 1-.599.919c-.28.28-.546.453-.92.598-.28.11-.704.24-1.485.276-.843.038-1.096.047-3.232.047s-2.39-.009-3.233-.047c-.78-.036-1.203-.166-1.485-.276a2.5 2.5 0 0 1-.92-.598 2.5 2.5 0 0 1-.6-.92c-.109-.281-.24-.705-.275-1.485-.038-.843-.046-1.096-.046-3.233s.008-2.388.046-3.231c.036-.78.166-1.204.276-1.486.145-.373.319-.64.599-.92s.546-.453.92-.598c.282-.11.705-.24 1.485-.276.738-.034 1.024-.044 2.515-.045zm4.988 1.328a.96.96 0 1 0 0 1.92.96.96 0 0 0 0-1.92m-4.27 1.122a4.109 4.109 0 1 0 0 8.217 4.109 4.109 0 0 0 0-8.217m0 1.441a2.667 2.667 0 1 1 0 5.334 2.667 2.667 0 0 1 0-5.334&#039;\\\/u003eu003c\\\/svgu003e&quot;,&quot;date&quot;:&quot;2003&quot;,&quot;label&quot;:&quot;2021 - Primer llamado a proyectos de la OPS&quot;,&quot;description&quot;:&quot;OPS convoca proyectos para implementar la gu\\u00eda. Participan organizaciones de la sociedad civil, universidades e instituciones de distintos pa\\u00edses.nEjes de trabajo: comunicaci\\u00f3n, capacitaci\\u00f3n, adaptaci\\u00f3n\\\/validaci\\u00f3n\\\/sistematizaci\\u00f3n\\\/evaluaci\\u00f3n.&quot;,&quot;isAddTinyEditor&quot;:false},{&quot;icon&quot;:&quot;u003csvg xmlns=&#039;http:\\\/\\\/www.w3.org\\\/2000\\\/svg&#039; viewBox=&#039;0 0 448 512&#039;u003eu003cpath d=&#039;M64 32C28.7 32 0 60.7 0 96V416c0 35.3 28.7 64 64 64H384c35.3 0 64-28.7 64-64V96c0-35.3-28.7-64-64-64H64zM351.3 199.3v0c0 86.7-66 186.6-186.6 186.6c-37.2 0-71.7-10.8-100.7-29.4c5.3 .6 10.4 .8 15.8 .8c30.7 0 58.9-10.4 81.4-28c-28.8-.6-53-19.5-61.3-45.5c10.1 1.5 19.2 1.5 29.6-1.2c-30-6.1-52.5-32.5-52.5-64.4v-.8c8.7 4.9 18.9 7.9 29.6 8.3c-9-6-16.4-14.1-21.5-23.6s-7.8-20.2-7.7-31c0-12.2 3.2-23.4 8.9-33.1c32.3 39.8 80.8 65.8 135.2 68.6c-9.3-44.5 24-80.6 64-80.6c18.9 0 35.9 7.9 47.9 20.7c14.8-2.8 29-8.3 41.6-15.8c-4.9 15.2-15.2 28-28.8 36.1c13.2-1.4 26-5.1 37.8-10.2c-8.9 13.1-20.1 24.7-32.9 34c.2 2.8 .2 5.7 .2 8.5z&#039;\\\/u003eu003c\\\/svgu003e&quot;,&quot;date&quot;:&quot;2004&quot;,&quot;label&quot;:&quot;2022 - Cierre y evaluaci\\u00f3n de los proyectos&quot;,&quot;description&quot;:&quot;Durante la evaluaci\\u00f3n de los proyectos,  surge la necesidad de un espacio com\\u00fan.nPrioridades identificadas:n\\u2022 Espacio de intercambio de buenas pr\\u00e1cticas.n\\u2022 Repositorio y sistematizaci\\u00f3n de buenas pr\\u00e1cticas en la regi\\u00f3n.n\\u2022 Mecanismos de trabajo en red con acompa\\u00f1amiento OPS\\\/OMS.nResultado: propuesta de creaci\\u00f3n de una red regional para el  fortalecimiento del conocimiento compartido y articulaci\\u00f3n regional.n&quot;,&quot;isAddTinyEditor&quot;:false},{&quot;icon&quot;:&quot;u003csvg xmlns=&#039;http:\\\/\\\/www.w3.org\\\/2000\\\/svg&#039; viewBox=&#039;0 0 448 512&#039;u003eu003cpath d=&#039;M64 32C28.7 32 0 60.7 0 96V416c0 35.3 28.7 64 64 64h98.2V334.2H109.4V256h52.8V222.3c0-87.1 39.4-127.5 125-127.5c16.2 0 44.2 3.2 55.7 6.4V172c-6-.6-16.5-1-29.6-1c-42 0-58.2 15.9-58.2 57.2V256h83.6l-14.4 78.2H255V480H384c35.3 0 64-28.7 64-64V96c0-35.3-28.7-64-64-64H64z&#039;\\\/u003eu003c\\\/svgu003e&quot;,&quot;date&quot;:&quot;02-02-2002&quot;,&quot;label&quot;:&quot;2022 - Segundo llamado a proyectos de la OPS&quot;,&quot;description&quot;:&quot;OPS apoya 21 proyectos para la sistematizaci\\u00f3n de  buenas pr\\u00e1cticas y mapeo de experiencias.nResultado: Fortalecimiento del conocimiento regional en torno al trabajo con comunidades en situaci\\u00f3n de vulnerabilidad durante la pandemia. nn&quot;,&quot;isAddTinyEditor&quot;:false},{&quot;icon&quot;:&quot;u003csvg xmlns=&#039;http:\\\/\\\/www.w3.org\\\/2000\\\/svg&#039; viewBox=&#039;0 0 448 512&#039;u003eu003cpath d=&#039;M64 32C28.7 32 0 60.7 0 96V416c0 35.3 28.7 64 64 64h98.2V334.2H109.4V256h52.8V222.3c0-87.1 39.4-127.5 125-127.5c16.2 0 44.2 3.2 55.7 6.4V172c-6-.6-16.5-1-29.6-1c-42 0-58.2 15.9-58.2 57.2V256h83.6l-14.4 78.2H255V480H384c35.3 0 64-28.7 64-64V96c0-35.3-28.7-64-64-64H64z&#039;\\\/u003eu003c\\\/svgu003e&quot;,&quot;date&quot;:&quot;02-02-2002&quot;,&quot;label&quot;:&quot;2022 - Segundo llamado a proyectos de la OPS&quot;,&quot;description&quot;:&quot;OPS apoya 21 proyectos para la sistematizaci\\u00f3n de  buenas pr\\u00e1cticas y mapeo de experiencias.nResultado: Fortalecimiento del conocimiento regional en torno al trabajo con comunidades en situaci\\u00f3n de vulnerabilidad durante la pandemia. n&quot;,&quot;isAddTinyEditor&quot;:false},{&quot;icon&quot;:&quot;u003csvg xmlns=&#039;http:\\\/\\\/www.w3.org\\\/2000\\\/svg&#039; viewBox=&#039;0 0 448 512&#039;u003eu003cpath d=&#039;M64 32C28.7 32 0 60.7 0 96V416c0 35.3 28.7 64 64 64h98.2V334.2H109.4V256h52.8V222.3c0-87.1 39.4-127.5 125-127.5c16.2 0 44.2 3.2 55.7 6.4V172c-6-.6-16.5-1-29.6-1c-42 0-58.2 15.9-58.2 57.2V256h83.6l-14.4 78.2H255V480H384c35.3 0 64-28.7 64-64V96c0-35.3-28.7-64-64-64H64z&#039;\\\/u003eu003c\\\/svgu003e&quot;,&quot;date&quot;:&quot;02-02-2002&quot;,&quot;label&quot;:&quot;2023 - Actualidad&quot;,&quot;description&quot;:&quot;La Red se consolida como un espacio de intercambio, aprendizaje y cooperaci\\u00f3n regional en salud y derechos humanos, que cuenta con el apoyo de la OPS.n&quot;,&quot;isAddTinyEditor&quot;:false}],&quot;type&quot;:&quot;horizontal&quot;,&quot;labelLocation&quot;:&quot;top&quot;,&quot;vigibleItems&quot;:2,&quot;itemColor&quot;:&quot; #4c5663&quot;,&quot;contentBorder&quot;:{&quot;width&quot;:&quot;1px&quot;,&quot;style&quot;:&quot;solid&quot;,&quot;color&quot;:&quot;#dddddd&quot;},&quot;labelTypo&quot;:{&quot;fontSize&quot;:{&quot;desktop&quot;:16,&quot;tablet&quot;:16,&quot;mobile&quot;:16},&quot;fontVariant&quot;:&quot;300&quot;,&quot;fontWeight&quot;:300},&quot;labelColor&quot;:&quot;#000&quot;,&quot;dateStyles&quot;:{&quot;dateTypo&quot;:{&quot;fontSize&quot;:{&quot;desktop&quot;:14,&quot;tablet&quot;:14,&quot;mobile&quot;:14}},&quot;dateColor&quot;:&quot;#000000&quot;,&quot;dateContainerSize&quot;:50,&quot;dateBg&quot;:{&quot;color&quot;:&quot;#06b6d4&quot;}},&quot;className&quot;:&quot;ext-animate--on&quot;,&quot;itemPosition&quot;:&quot;right&quot;,&quot;startIndex&quot;:1,&quot;moveItem&quot;:2,&quot;verticalTrigger&quot;:&quot;150px&quot;,&quot;rtlMode&quot;:false,&quot;barBackground&quot;:&quot;#dddddd&quot;,&quot;barDotColor&quot;:&quot;#dddddd&quot;,&quot;itemBg&quot;:&quot;#ffffff&quot;,&quot;itemTypo&quot;:{&quot;fontSize&quot;:{&quot;desktop&quot;:14,&quot;tablet&quot;:14,&quot;mobile&quot;:14}},&quot;horizontalDatePosition&quot;:&quot;bottom&quot;,&quot;itemBorder&quot;:{&quot;width&quot;:&quot;1px&quot;,&quot;color&quot;:&quot;#cccccc&quot;},&quot;theme&quot;:&quot;default&quot;,&quot;timelineBar&quot;:{&quot;width&quot;:&quot;3px&quot;,&quot;dotSize&quot;:20,&quot;progressBarbgColor&quot;:{&quot;color&quot;:&quot;linear-gradient(to bottom, #ff6a00, #ee0979)&quot;}},&quot;iconStyles&quot;:{&quot;iconColor&quot;:&quot;orangered&quot;,&quot;iconColorHover&quot;:&quot;red&quot;,&quot;iconSize&quot;:40,&quot;iconContainerSize&quot;:40,&quot;background&quot;:{&quot;normal&quot;:{&quot;color&quot;:&quot;white&quot;},&quot;hover&quot;:{&quot;color&quot;:&quot;red&quot;}},&quot;borderControl&quot;:{&quot;width&quot;:&quot;1px&quot;,&quot;color&quot;:&quot;rgba(18, 235, 195, 1)&quot;,&quot;style&quot;:&quot;inset&quot;},&quot;iconBorderHover&quot;:&quot;1px solid #efefef&quot;}}'><\/div><\/div>\n","protected":false},"excerpt":{"rendered":"<p>Red EPSI.V Am\u00e9ricas&nbsp; Somos una red regional que re\u00fane a organizaciones, instituciones y profesionales dedicados a promover la salud integral en poblaciones en situaci\u00f3n de vulnerabilidad.\u00a0 Trabajamos desde una mirada de derechos humanos, interseccional e intersectorial, fortaleciendo el aprendizaje com\u00fan y la cooperaci\u00f3n entre los pa\u00edses de la regi\u00f3n.\u00a0 Misi\u00f3n: Promover el intercambio, la cooperaci\u00f3n [&hellip;]<\/p>\n","protected":false},"author":1,"featured_media":0,"parent":0,"menu_order":0,"comment_status":"closed","ping_status":"closed","template":"no-title","meta":{"_monsterinsights_skip_tracking":false,"_monsterinsights_sitenote_active":false,"_monsterinsights_sitenote_note":"","_monsterinsights_sitenote_category":0,"footnotes":""},"class_list":["post-28","page","type-page","status-publish","hentry"],"_links":{"self":[{"href":"https:\/\/prueba.indavenda.com\/epsiv\/wp-json\/wp\/v2\/pages\/28","targetHints":{"allow":["GET"]}}],"collection":[{"href":"https:\/\/prueba.indavenda.com\/epsiv\/wp-json\/wp\/v2\/pages"}],"about":[{"href":"https:\/\/prueba.indavenda.com\/epsiv\/wp-json\/wp\/v2\/types\/page"}],"author":[{"embeddable":true,"href":"https:\/\/prueba.indavenda.com\/epsiv\/wp-json\/wp\/v2\/users\/1"}],"replies":[{"embeddable":true,"href":"https:\/\/prueba.indavenda.com\/epsiv\/wp-json\/wp\/v2\/comments?post=28"}],"version-history":[{"count":21,"href":"https:\/\/prueba.indavenda.com\/epsiv\/wp-json\/wp\/v2\/pages\/28\/revisions"}],"predecessor-version":[{"id":292,"href":"https:\/\/prueba.indavenda.com\/epsiv\/wp-json\/wp\/v2\/pages\/28\/revisions\/292"}],"wp:attachment":[{"href":"https:\/\/prueba.indavenda.com\/epsiv\/wp-json\/wp\/v2\/media?parent=28"}],"curies":[{"name":"wp","href":"https:\/\/api.w.org\/{rel}","templated":true}]}}